{"id":6973,"date":"2018-08-18T01:01:12","date_gmt":"2018-08-18T01:01:12","guid":{"rendered":"https:\/\/dignacabral.com\/?page_id=6973"},"modified":"2025-12-04T11:15:04","modified_gmt":"2025-12-04T16:15:04","slug":"home","status":"publish","type":"page","link":"https:\/\/dignacabral.com\/es\/","title":{"rendered":"Inicio"},"content":{"rendered":"<div class=\"wpb-content-wrapper\"><p>[vc_row full_width=&#8221;stretch_row&#8221; lvca_dark_bg=&#8221;true&#8221; css=&#8221;.vc_custom_1508342511777{padding-top: 25px !important;padding-bottom: 25px !important;background-color: #2c8fba !important;}&#8221;][vc_column][vc_row_inner][vc_column_inner width=&#8221;1\/2&#8243;][vc_btn title=&#8221;REGISTRARSE PARA VOTAR&#8221; style=&#8221;custom&#8221; custom_background=&#8221;#f6d740&#8243; custom_text=&#8221;#424242&#8243; size=&#8221;lg&#8221; align=&#8221;center&#8221; css_animation=&#8221;none&#8221; button_block=&#8221;true&#8221; link=&#8221;url:http%3A%2F%2Fwww.miamidade.gov%2Felections%2Fvoter-registration.asp|||&#8221;][\/vc_column_inner][vc_column_inner width=&#8221;1\/2&#8243;][vc_btn title=&#8221;VOTAR POR CORREO&#8221; style=&#8221;custom&#8221; custom_background=&#8221;#f6d740&#8243; custom_text=&#8221;#424242&#8243; size=&#8221;lg&#8221; align=&#8221;center&#8221; css_animation=&#8221;none&#8221; button_block=&#8221;true&#8221; link=&#8221;url:http%3A%2F%2Fwww.miamidade.gov%2Felections%2Fvote-by-mail.asp|||&#8221;][\/vc_column_inner][\/vc_row_inner][\/vc_column][\/vc_row][vc_row full_width=&#8221;stretch_row&#8221; css=&#8221;.vc_custom_1493796418853{margin-bottom: 0px !important;padding-top: 40px !important;padding-bottom: 80px !important;background-color: #ffffff !important;}&#8221;][vc_column]<div class=\"title-subtile-holder\"><h1 class=\"section-title dark_title\">Digna Cabral<\/h1><div class=\"section-subtitle dark_subtitle\">A trav\u00e9s de su historia de servicio, Digna ha aprendido que el liderazgo adecuado en el gobierno es importante, y l\u00edderes deben llevar con ellos las razones por la que muchos de los residentes eligen la ciudad del Doral para sus familias mientras apoya y representa las iniciativas que beneficien los residentes de nuestra bella ciudad.<\/div><\/div>[vc_row_inner][vc_column_inner width=&#8221;1\/2&#8243;][vc_empty_space height=&#8221;65px&#8221;][vc_single_image image=&#8221;6745&#8243; img_size=&#8221;full&#8221;][\/vc_column_inner][vc_column_inner width=&#8221;1\/2&#8243;][vc_empty_space height=&#8221;15px&#8221;][vc_column_text] Digna trabaja como Analista de Investigaci\u00f3n para el Departamento de Neurolog\u00eda de la Universidad de Miami por m\u00e1s de 10 a\u00f1os. A trav\u00e9s de su carrera ha sido capaz de colaborar con varias universidades nacionales e internacionales. Miembro del Consejo y ex Presidente del Instituto Americano de Ultrasonido de los Estado Unidos (AIUM) durante 6 a\u00f1os. La ciudad de Doral est\u00e1 arraigada en Digna y su familia, la comunidad en la que vio nacer su hija menor y donde sus dos hijos mayores recibieron su educaci\u00f3n. Ella sigue siendo activa en su parroquia, a la cual sirve como una de las primeras catequistas certificada de la Iglesia Nuestra Se\u00f1ora de Guadalupe desde 2008, Miembro del Ministerio de los Servidores del Altar y Ministro Extraordinario de la Eucarist\u00eda en la parroquia de Nuestra Se\u00f1ora de Guadalupe. Esta dedicaci\u00f3n fervorosa hacia los dem\u00e1s es una cualidad que le sigue a Digna desde sus inicios en su tierra natal, Rep\u00fablica Dominicana. Digna asegura que sus valores y principios, honestidad y humildad son tan o m\u00e1s fuertes que cualquier contrato, lo que le fue inculcado por sus padres, y que la condujo a un deseo de abogar por nuestra comunidad del Doral.[\/vc_column_text][\/vc_column_inner][\/vc_row_inner][\/vc_column][\/vc_row][vc_row][vc_column][vc_column_text]<\/p>\n<p>[\/vc_column_text][\/vc_column][\/vc_row][vc_row full_width=&#8221;stretch_row_content_no_spaces&#8221; css=&#8221;.vc_custom_1486327452422{margin-top: 0px !important;margin-bottom: 0px !important;}&#8221;][vc_column css=&#8221;.vc_custom_1486327502890{padding-top: 0px !important;}&#8221;][vc_media_grid element_width=&#8221;2&#8243; gap=&#8221;3&#8243; grid_id=&#8221;vc_gid:1727981382239-aaccca25-016f-3&#8243; include=&#8221;7130,6794,7135,7110,7138,7140&#8243;][\/vc_column][\/vc_row][vc_row][vc_column][vc_column_text]<\/p>\n<p>[\/vc_column_text][\/vc_column][\/vc_row][vc_section][\/vc_section][vc_row full_width=&#8221;stretch_row&#8221; css=&#8221;.vc_custom_1508344631518{padding-top: 25px !important;padding-bottom: 75px !important;background-color: #f4f4f4 !important;}&#8221;][vc_column][vc_row_inner][vc_column_inner][vc_column_text]<\/p>\n<h2 style=\"text-align: center;\">Digna Cabral, comprometida con servir a los residentes de Doral<\/h2>\n<p>[\/vc_column_text][vc_empty_space][\/vc_column_inner][\/vc_row_inner][vc_row_inner][vc_column_inner width=&#8221;2\/3&#8243;][vc_column_text css=&#8221;&#8221;]Elegida por primera vez en 2018 como nuestra miembro del Consejo, asiento 4, Digna Cabral es una miembro activo de la comunidad de la Ciudad del Doral, sirviendo fervorosamente por los dem\u00e1s. Su dedicaci\u00f3n y compromiso a diversas \u00e1reas de la ciudad del Doral le han proporcionado la capacidad de entender muchas de las necesidades y preocupaciones de los residentes.<\/p>\n<p>Haber residido en la ciudad de Doral por m\u00e1s de 10 a\u00f1os como una residente preocupada y dirigente de la comunidad, su apasionado llamado al servicio de los dem\u00e1s, es la aseveraci\u00f3n m\u00e1s grande de Digna y pueden visualizarse a lo largo de su historia de apoyo a la comunidad.<\/p>\n<p><strong>Digna tiene un historial comprobado de trabajo para nuestra comunidad. Como nuestra Concejala y Digna:<\/strong><\/p>\n<ul>\n<li>Vot\u00f3 para atraer m\u00e1s hospitales y servicios de salud a nuestra Ciudad.<\/li>\n<li>Vot\u00f3 por las expansiones y mejoras del parque, incluidas las expansiones de senderos para caminar y andar en bicicleta.<\/li>\n<li>Vot\u00f3 por los requisitos de espacios verdes para nuevos desarrollos.<\/li>\n<li>Colabor\u00f3 \u200b\u200bcon la Oficina del Distrito de Administraci\u00f3n de Peque\u00f1as Empresas para promover los grupos de negocios prioritarios de Doral.<\/li>\n<li>Defendi\u00f3 nuestra certificaci\u00f3n Smart City y promovi\u00f3 nuestros recursos.<\/li>\n<li>Vot\u00f3 y promovi\u00f3 los programas de Arte P\u00fablico.<\/li>\n<\/ul>\n<p>Digna es miembro diligente del Doral Rotary Club y ha servido como miembro de Las Damas del Doral, una organizaci\u00f3n que proporciona asistencia a las familias del Ronald McDonald House en el Jackson Memorial Hospital, ex vicepresidenta del comit\u00e9 de la Ciudad del Doral Park and Police 4Kids (PP4K), Presidenta de la Asociaci\u00f3n del Master de Coronado de Doral por m\u00e1s de 7 a\u00f1os, ex Presidenta en la Comunidad desarrollo del distrito Coronado de Doral (actual director) y Secretaria del Doral Community Coalici\u00f3n.<\/p>\n<p>Digna ha servido adem\u00e1s como miembro de los EESAC y Dr. Rolando Espinosa y Doral Academy School PTA y actualmente es miembro del Consejo de Participaci\u00f3n de la Familia y la Comunidad en la Asociaci\u00f3n de Padres y Maestros del estado de Florida (FPTA) y sirve como Presidenta de la escuela Dr. Toni Bilbao Preparatory Academy.<\/p>\n<p>Ella tambi\u00e9n ha encabezado las iniciativas para las personas afectadas por la desgracia de las destrucciones causada por el hurac\u00e1n Irma que afect\u00f3 no s\u00f3lo a su ciudad de Doral sino que adem\u00e1s afecto a otras ciudades de la Florida. Estuvo personalmente asistiendo a miembros de nuestra ciudad durante los momentos de mayor necesidad despu\u00e9s del paso del hurac\u00e1n adem\u00e1s de participar de manera activa en la recolecci\u00f3n de escombros de no solo su comunidad pero adem\u00e1s de comunidades vecinas. Adem\u00e1s, con el apoyo de los residentes de nuestra ciudad particip\u00f3 de la colecci\u00f3n de agua, alimentos no perecederos, ropas y dem\u00e1svpara las familias afectadas por el Hurac\u00e1n Mar\u00eda (incluyendo a la Isla del Encanto, Puerto Rico).[\/vc_column_text][\/vc_column_inner][vc_column_inner width=&#8221;1\/3&#8243;][vc_empty_space height=&#8221;45px&#8221;][vc_single_image image=&#8221;6924&#8243; img_size=&#8221;500&#215;340&#8243;][vc_empty_space height=&#8221;20px&#8221;][vc_single_image image=&#8221;6790&#8243; img_size=&#8221;500&#215;340&#8243;][\/vc_column_inner][\/vc_row_inner][\/vc_column][vc_column][\/vc_column][\/vc_row][vc_row full_width=&#8221;stretch_row&#8221; css=&#8221;.vc_custom_1508507880728{margin-top: 0em !important;margin-bottom: 0px !important;padding-top: 30px !important;padding-bottom: 75px !important;}&#8221;][vc_column width=&#8221;1\/3&#8243; animation_in_type=&#8221;transition.bounceDownIn&#8221; animation_in_offset=&#8221;90&#8243; animation_in_duration=&#8221;1400&#8243; animation_in_delay=&#8221;100&#8243;][vc_column_text css_animation=&#8221;fadeInUp&#8221;]<\/p>\n<h2 style=\"text-align: right;\"><strong>Miembro de la Comunidad<\/strong><\/h2>\n<p style=\"text-align: right;\"><span style=\"font-weight: 400;\">Digna ha sido residente de Doral por m\u00e1s de 10 a\u00f1os. Dedicando su tiempo a la comunidad y aquellos en necesidad, Digna tiene una pasi\u00f3n y un llamado para servir a los necesitados, as\u00ed como a los menos afortunados.<\/span><\/p>\n<p>[\/vc_column_text][vc_empty_space height=&#8221;30px&#8221;][vc_column_text css_animation=&#8221;fadeInUp&#8221;]<\/p>\n<h2 style=\"text-align: right;\"><b>Trafico y Transito<\/b><\/h2>\n<p style=\"text-align: right;\">Digna se esforzar\u00e1 por encontrar soluciones creativas para abordar las problem\u00e1ticas del tr\u00e1fico y el transporte que afectan a nuestra comunidad. Ella se dedicar\u00e1 de lleno para aplacar y\/o resolver los problemas de tr\u00e1nsito.<\/p>\n<p>[\/vc_column_text][vc_empty_space height=&#8221;30px&#8221;][vc_column_text css_animation=&#8221;fadeInUp&#8221;]<\/p>\n<h2 style=\"text-align: right;\"><b>Crecimiento de la comunidad<\/b><\/h2>\n<p style=\"text-align: right;\">El foco de Digna es y ha sido siempre los residentes de Doral. Ella representa los objetivos y las metas de la comunidad, trabajando hacia un desarrollo estrat\u00e9gico, planeado y<br \/>\ncontrolado de la Ciudad del Doral.<\/p>\n<p>[\/vc_column_text][\/vc_column][vc_column width=&#8221;1\/3&#8243;][vc_single_image image=&#8221;7223&#8243; img_size=&#8221;full&#8221; alignment=&#8221;center&#8221; css=&#8221;&#8221;][vc_single_image image=&#8221;6758&#8243; img_size=&#8221;full&#8221;][\/vc_column][vc_column width=&#8221;1\/3&#8243;][vc_column_text css_animation=&#8221;fadeInUp&#8221;]<\/p>\n<h2><b>Enfocada en la educaci\u00f3n<\/b><\/h2>\n<p>Como miembro del Estado de la Florida PTA y Presidenta del PTA de Dr. Toni<br \/>\nBilbao, y luego como su Concejal Digna se asegurar\u00e1 de que las futuras<br \/>\ngeneraciones del Doral reciban el mejor nivel acad\u00e9mico de educaci\u00f3n trabajando conjuntamente con nuestro distrito escolar.[\/vc_column_text][vc_empty_space height=&#8221;30px&#8221;][vc_column_text css_animation=&#8221;fadeInUp&#8221;]<\/p>\n<h2><b>Servicio de la comunidad<\/b><\/h2>\n<p>Como activista y defensora de su comunidad, Digna ha demostrado dedicaci\u00f3n al servicio de su comunidad. Su relaci\u00f3n con la los residentes del Doral, les asegurar\u00e1 de que sus metas y objetivos nos representen y se conviertan en una realidad.[\/vc_column_text][vc_empty_space height=&#8221;30px&#8221;][vc_column_text css_animation=&#8221;fadeInUp&#8221;]<\/p>\n<h2><b>Representando a la comunidad<\/b><\/h2>\n<p>La meta de Digna como concejal de la ciudad de Doral es representar los intereses de los residentes de la ciudad del Doral. Ella actuara por y para los residentes de la ciudad del Doral, consagrada a la \u00e9tica y un desempe\u00f1o imparcial.[\/vc_column_text][\/vc_column][\/vc_row][vc_row full_width=&#8221;stretch_row_content_no_spaces&#8221; css=&#8221;.vc_custom_1486327452422{margin-top: 0px !important;margin-bottom: 0px !important;}&#8221;][vc_column css=&#8221;.vc_custom_1486327502890{padding-top: 0px !important;}&#8221;][vc_media_grid element_width=&#8221;2&#8243; gap=&#8221;3&#8243; grid_id=&#8221;vc_gid:1727981382242-55b252fd-95cd-10&#8243; include=&#8221;7116,7126,6795,7110,7113,6797&#8243;][\/vc_column][\/vc_row]<\/p>\n<\/div>","protected":false},"excerpt":{"rendered":"<p>[vc_row full_width=&#8221;stretch_row&#8221; lvca_dark_bg=&#8221;true&#8221; css=&#8221;.vc_custom_1508342511777{padding-top: 25px !important;padding-bottom: 25px !important;background-color: #2c8fba !important;}&#8221;][vc_column][vc_row_inner][vc_column_inner width=&#8221;1\/2&#8243;][vc_btn title=&#8221;REGISTRARSE PARA VOTAR&#8221; style=&#8221;custom&#8221; custom_background=&#8221;#f6d740&#8243; custom_text=&#8221;#424242&#8243; size=&#8221;lg&#8221; align=&#8221;center&#8221; css_animation=&#8221;none&#8221; button_block=&#8221;true&#8221; link=&#8221;url:http%3A%2F%2Fwww.miamidade.gov%2Felections%2Fvoter-registration.asp|||&#8221;][\/vc_column_inner][vc_column_inner width=&#8221;1\/2&#8243;][vc_btn title=&#8221;VOTAR POR CORREO&#8221; style=&#8221;custom&#8221; custom_background=&#8221;#f6d740&#8243; custom_text=&#8221;#424242&#8243; size=&#8221;lg&#8221; [&hellip;]<\/p>\n","protected":false},"author":1,"featured_media":0,"parent":0,"menu_order":0,"comment_status":"closed","ping_status":"closed","template":"","meta":{"footnotes":""},"class_list":["post-6973","page","type-page","status-publish","hentry"],"yoast_head":"<!-- This site is optimized with the Yoast SEO plugin v27.4 - https:\/\/yoast.com\/product\/yoast-seo-wordpress\/ -->\n<title>Inicio - Digna Cabral<\/title>\n<meta name=\"description\" content=\"Comprometida con Doral \u2014 noticias, proyectos y en\u2011acci\u00f3n comunitaria de Digna\u202fCabral: transparencia, voz ciudadana y servicio real para todos.\" \/>\n<meta name=\"robots\" content=\"index, follow, max-snippet:-1, max-image-preview:large, max-video-preview:-1\" \/>\n<link rel=\"canonical\" href=\"https:\/\/dignacabral.com\/es\/\" \/>\n<meta property=\"og:locale\" content=\"es_ES\" \/>\n<meta property=\"og:type\" content=\"article\" \/>\n<meta property=\"og:title\" content=\"Inicio - Digna Cabral\" \/>\n<meta property=\"og:description\" content=\"Comprometida con Doral \u2014 noticias, proyectos y en\u2011acci\u00f3n comunitaria de Digna\u202fCabral: transparencia, voz ciudadana y servicio real para todos.\" \/>\n<meta property=\"og:url\" content=\"https:\/\/dignacabral.com\/es\/\" \/>\n<meta property=\"og:site_name\" content=\"Digna Cabral\" \/>\n<meta property=\"article:modified_time\" content=\"2025-12-04T16:15:04+00:00\" \/>\n<meta name=\"twitter:card\" content=\"summary_large_image\" \/>\n<meta name=\"twitter:label1\" content=\"Tiempo de lectura\" \/>\n\t<meta name=\"twitter:data1\" content=\"5 minutos\" \/>\n<script type=\"application\/ld+json\" class=\"yoast-schema-graph\">{\"@context\":\"https:\\\/\\\/schema.org\",\"@graph\":[{\"@type\":\"WebPage\",\"@id\":\"https:\\\/\\\/dignacabral.com\\\/es\\\/\",\"url\":\"https:\\\/\\\/dignacabral.com\\\/es\\\/\",\"name\":\"Inicio - Digna Cabral\",\"isPartOf\":{\"@id\":\"https:\\\/\\\/dignacabral.com\\\/#website\"},\"datePublished\":\"2018-08-18T01:01:12+00:00\",\"dateModified\":\"2025-12-04T16:15:04+00:00\",\"description\":\"Comprometida con Doral \u2014 noticias, proyectos y en\u2011acci\u00f3n comunitaria de Digna\u202fCabral: transparencia, voz ciudadana y servicio real para todos.\",\"breadcrumb\":{\"@id\":\"https:\\\/\\\/dignacabral.com\\\/es\\\/#breadcrumb\"},\"inLanguage\":\"es\",\"potentialAction\":[{\"@type\":\"ReadAction\",\"target\":[\"https:\\\/\\\/dignacabral.com\\\/es\\\/\"]}]},{\"@type\":\"BreadcrumbList\",\"@id\":\"https:\\\/\\\/dignacabral.com\\\/es\\\/#breadcrumb\",\"itemListElement\":[{\"@type\":\"ListItem\",\"position\":1,\"name\":\"Home\",\"item\":\"https:\\\/\\\/dignacabral.com\\\/es\\\/\"},{\"@type\":\"ListItem\",\"position\":2,\"name\":\"Inicio\"}]},{\"@type\":\"WebSite\",\"@id\":\"https:\\\/\\\/dignacabral.com\\\/#website\",\"url\":\"https:\\\/\\\/dignacabral.com\\\/\",\"name\":\"Digna Cabral\",\"description\":\"For Doral City Council Seat 4\",\"potentialAction\":[{\"@type\":\"SearchAction\",\"target\":{\"@type\":\"EntryPoint\",\"urlTemplate\":\"https:\\\/\\\/dignacabral.com\\\/?s={search_term_string}\"},\"query-input\":{\"@type\":\"PropertyValueSpecification\",\"valueRequired\":true,\"valueName\":\"search_term_string\"}}],\"inLanguage\":\"es\"}]}<\/script>\n<!-- \/ Yoast SEO plugin. -->","yoast_head_json":{"title":"Inicio - Digna Cabral","description":"Comprometida con Doral \u2014 noticias, proyectos y en\u2011acci\u00f3n comunitaria de Digna\u202fCabral: transparencia, voz ciudadana y servicio real para todos.","robots":{"index":"index","follow":"follow","max-snippet":"max-snippet:-1","max-image-preview":"max-image-preview:large","max-video-preview":"max-video-preview:-1"},"canonical":"https:\/\/dignacabral.com\/es\/","og_locale":"es_ES","og_type":"article","og_title":"Inicio - Digna Cabral","og_description":"Comprometida con Doral \u2014 noticias, proyectos y en\u2011acci\u00f3n comunitaria de Digna\u202fCabral: transparencia, voz ciudadana y servicio real para todos.","og_url":"https:\/\/dignacabral.com\/es\/","og_site_name":"Digna Cabral","article_modified_time":"2025-12-04T16:15:04+00:00","twitter_card":"summary_large_image","twitter_misc":{"Tiempo de lectura":"5 minutos"},"schema":{"@context":"https:\/\/schema.org","@graph":[{"@type":"WebPage","@id":"https:\/\/dignacabral.com\/es\/","url":"https:\/\/dignacabral.com\/es\/","name":"Inicio - Digna Cabral","isPartOf":{"@id":"https:\/\/dignacabral.com\/#website"},"datePublished":"2018-08-18T01:01:12+00:00","dateModified":"2025-12-04T16:15:04+00:00","description":"Comprometida con Doral \u2014 noticias, proyectos y en\u2011acci\u00f3n comunitaria de Digna\u202fCabral: transparencia, voz ciudadana y servicio real para todos.","breadcrumb":{"@id":"https:\/\/dignacabral.com\/es\/#breadcrumb"},"inLanguage":"es","potentialAction":[{"@type":"ReadAction","target":["https:\/\/dignacabral.com\/es\/"]}]},{"@type":"BreadcrumbList","@id":"https:\/\/dignacabral.com\/es\/#breadcrumb","itemListElement":[{"@type":"ListItem","position":1,"name":"Home","item":"https:\/\/dignacabral.com\/es\/"},{"@type":"ListItem","position":2,"name":"Inicio"}]},{"@type":"WebSite","@id":"https:\/\/dignacabral.com\/#website","url":"https:\/\/dignacabral.com\/","name":"Digna Cabral","description":"For Doral City Council Seat 4","potentialAction":[{"@type":"SearchAction","target":{"@type":"EntryPoint","urlTemplate":"https:\/\/dignacabral.com\/?s={search_term_string}"},"query-input":{"@type":"PropertyValueSpecification","valueRequired":true,"valueName":"search_term_string"}}],"inLanguage":"es"}]}},"_links":{"self":[{"href":"https:\/\/dignacabral.com\/es\/wp-json\/wp\/v2\/pages\/6973","targetHints":{"allow":["GET"]}}],"collection":[{"href":"https:\/\/dignacabral.com\/es\/wp-json\/wp\/v2\/pages"}],"about":[{"href":"https:\/\/dignacabral.com\/es\/wp-json\/wp\/v2\/types\/page"}],"author":[{"embeddable":true,"href":"https:\/\/dignacabral.com\/es\/wp-json\/wp\/v2\/users\/1"}],"replies":[{"embeddable":true,"href":"https:\/\/dignacabral.com\/es\/wp-json\/wp\/v2\/comments?post=6973"}],"version-history":[{"count":24,"href":"https:\/\/dignacabral.com\/es\/wp-json\/wp\/v2\/pages\/6973\/revisions"}],"predecessor-version":[{"id":7317,"href":"https:\/\/dignacabral.com\/es\/wp-json\/wp\/v2\/pages\/6973\/revisions\/7317"}],"wp:attachment":[{"href":"https:\/\/dignacabral.com\/es\/wp-json\/wp\/v2\/media?parent=6973"}],"curies":[{"name":"wp","href":"https:\/\/api.w.org\/{rel}","templated":true}]}}